{"id":3602,"date":"2025-09-27T10:13:07","date_gmt":"2025-09-27T08:13:07","guid":{"rendered":"https:\/\/eveil-prod.com\/produit\/mike-and-rike-from-sinsemilia-all-the-happiness-in-the-world-or-almost\/"},"modified":"2026-03-17T19:14:06","modified_gmt":"2026-03-17T18:14:06","slug":"mike-and-rike-from-sinsemilia-all-the-happiness-in-the-world-or-almost","status":"publish","type":"product","link":"https:\/\/eveil-prod.com\/en\/produit\/mike-and-rike-from-sinsemilia-all-the-happiness-in-the-world-or-almost\/","title":{"rendered":"MIKE and RIK\u00c9 from SINS\u00c9MILIA &#8211; All the happiness in the world&#8230;or almost!"},"content":{"rendered":"<p><strong>The two Sins\u00e9milia singers in &#8220;Tout le bonheur du monde&#8230;ou presque!&#8221;  <\/strong><\/p>\n<p>To celebrate spring, come one and all to an exceptional concert by the singers of Sins\u00e9milia. 1 hour 15 minutes + approx. 30 minutes of 100% music <\/p>\n<p>Music, laughter and emotion, that&#8217;s Tout le bonheur du monde&#8230;ou presque! the new show by Mike and Rik\u00e9 from Sins\u00e9milia.<\/p>\n<p>These two have been touring the French stages and festivals for 30 years, enjoying the huge success of their hit &#8220;Tout le bonheur du monde&#8221; and living 1000 adventures with Sins\u00e9milia.<\/p>\n<p>After the success of their first show, &#8220;Souvenirs de Saltimbanques&#8221;, MIKE and RIK\u00c9 from SINS\u00c9MILIA return to Avignon with a new version of the show, incorporating passages from their new show currently being created.<\/p>\n<p>Once again, they take us into their warm universe where they celebrate a life approached with a smile. An intimate, family-friendly show that will delight Sins\u00e9milia fans and newcomers alike. <\/p>\n<p>&nbsp;<\/p>\n","protected":false},"excerpt":{"rendered":"<p>Music, laughter and emotion, it&#8217;s Tout le bonheur du monde&#8230;ou presque! the new show by Mike and Rik\u00e9 from Sins\u00e9milia.<\/p>\n<p>After the success of their first show, &#8220;Souvenirs de Saltimbanques&#8221;, MIKE and RIK\u00c9 from SINS\u00c9MILIA return to Avignon with a new version of the show, incorporating passages from their new show currently being created.<\/p>\n","protected":false},"author":2,"featured_media":2793,"comment_status":"closed","ping_status":"closed","template":"","meta":{"_acf_changed":false,"iawp_total_views":5},"product_brand":[],"product_cat":[46],"product_tag":[48],"class_list":{"0":"post-3602","1":"product","2":"type-product","3":"status-publish","4":"has-post-thumbnail","6":"product_cat-music","7":"product_tag-currently-on-sale","9":"first","10":"outofstock","11":"taxable","12":"shipping-taxable","13":"purchasable","14":"product-type-simple"},"acf":[],"yoast_head":"<!-- This site is optimized with the Yoast SEO plugin v26.6 - https:\/\/yoast.com\/wordpress\/plugins\/seo\/ -->\n<title>MIKE and RIK\u00c9 from SINS\u00c9MILIA - All the happiness in the world...or almost! - Eveil Prod<\/title>\n<meta name=\"robots\" content=\"index, follow, max-snippet:-1, max-image-preview:large, max-video-preview:-1\" \/>\n<link rel=\"canonical\" href=\"https:\/\/eveil-prod.com\/en\/produit\/mike-and-rike-from-sinsemilia-all-the-happiness-in-the-world-or-almost\/\" \/>\n<meta property=\"og:locale\" content=\"en_US\" \/>\n<meta property=\"og:type\" content=\"article\" \/>\n<meta property=\"og:title\" content=\"MIKE and RIK\u00c9 from SINS\u00c9MILIA - All the happiness in the world...or almost! - Eveil Prod\" \/>\n<meta property=\"og:description\" content=\"Music, laughter and emotion, it&#039;s Tout le bonheur du monde...ou presque! the new show by Mike and Rik\u00e9 from Sins\u00e9milia. After the success of their first show, &quot;Souvenirs de Saltimbanques&quot;, MIKE and RIK\u00c9 from SINS\u00c9MILIA return to Avignon with a new version of the show, incorporating passages from their new show currently being created.\" \/>\n<meta property=\"og:url\" content=\"https:\/\/eveil-prod.com\/en\/produit\/mike-and-rike-from-sinsemilia-all-the-happiness-in-the-world-or-almost\/\" \/>\n<meta property=\"og:site_name\" content=\"Eveil Prod\" \/>\n<meta property=\"article:modified_time\" content=\"2026-03-17T18:14:06+00:00\" \/>\n<meta property=\"og:image\" content=\"https:\/\/eveil-prod.com\/wp-content\/uploads\/2025\/09\/affiche_MR_2026_WEB.jpg\" \/>\n\t<meta property=\"og:image:width\" content=\"729\" \/>\n\t<meta property=\"og:image:height\" content=\"1024\" \/>\n\t<meta property=\"og:image:type\" content=\"image\/jpeg\" \/>\n<meta name=\"twitter:card\" content=\"summary_large_image\" \/>\n<meta name=\"twitter:label1\" content=\"Est. reading time\" \/>\n\t<meta name=\"twitter:data1\" content=\"1 minute\" \/>\n<script type=\"application\/ld+json\" class=\"yoast-schema-graph\">{\"@context\":\"https:\/\/schema.org\",\"@graph\":[{\"@type\":\"WebPage\",\"@id\":\"https:\/\/eveil-prod.com\/en\/produit\/mike-and-rike-from-sinsemilia-all-the-happiness-in-the-world-or-almost\/\",\"url\":\"https:\/\/eveil-prod.com\/en\/produit\/mike-and-rike-from-sinsemilia-all-the-happiness-in-the-world-or-almost\/\",\"name\":\"MIKE and RIK\u00c9 from SINS\u00c9MILIA - All the happiness in the world...or almost! - Eveil Prod\",\"isPartOf\":{\"@id\":\"https:\/\/eveil-prod.com\/#website\"},\"primaryImageOfPage\":{\"@id\":\"https:\/\/eveil-prod.com\/en\/produit\/mike-and-rike-from-sinsemilia-all-the-happiness-in-the-world-or-almost\/#primaryimage\"},\"image\":{\"@id\":\"https:\/\/eveil-prod.com\/en\/produit\/mike-and-rike-from-sinsemilia-all-the-happiness-in-the-world-or-almost\/#primaryimage\"},\"thumbnailUrl\":\"https:\/\/eveil-prod.com\/wp-content\/uploads\/2025\/09\/affiche_MR_2026_WEB.jpg\",\"datePublished\":\"2025-09-27T08:13:07+00:00\",\"dateModified\":\"2026-03-17T18:14:06+00:00\",\"breadcrumb\":{\"@id\":\"https:\/\/eveil-prod.com\/en\/produit\/mike-and-rike-from-sinsemilia-all-the-happiness-in-the-world-or-almost\/#breadcrumb\"},\"inLanguage\":\"en-US\",\"potentialAction\":[{\"@type\":\"ReadAction\",\"target\":[\"https:\/\/eveil-prod.com\/en\/produit\/mike-and-rike-from-sinsemilia-all-the-happiness-in-the-world-or-almost\/\"]}]},{\"@type\":\"ImageObject\",\"inLanguage\":\"en-US\",\"@id\":\"https:\/\/eveil-prod.com\/en\/produit\/mike-and-rike-from-sinsemilia-all-the-happiness-in-the-world-or-almost\/#primaryimage\",\"url\":\"https:\/\/eveil-prod.com\/wp-content\/uploads\/2025\/09\/affiche_MR_2026_WEB.jpg\",\"contentUrl\":\"https:\/\/eveil-prod.com\/wp-content\/uploads\/2025\/09\/affiche_MR_2026_WEB.jpg\",\"width\":5079,\"height\":7134},{\"@type\":\"BreadcrumbList\",\"@id\":\"https:\/\/eveil-prod.com\/en\/produit\/mike-and-rike-from-sinsemilia-all-the-happiness-in-the-world-or-almost\/#breadcrumb\",\"itemListElement\":[{\"@type\":\"ListItem\",\"position\":1,\"name\":\"Accueil\",\"item\":\"https:\/\/eveil-prod.com\/\"},{\"@type\":\"ListItem\",\"position\":2,\"name\":\"Shows\",\"item\":\"https:\/\/eveil-prod.com\/spectacles\/\"},{\"@type\":\"ListItem\",\"position\":3,\"name\":\"MIKE and RIK\u00c9 from SINS\u00c9MILIA &#8211; All the happiness in the world&#8230;or almost!\"}]},{\"@type\":\"WebSite\",\"@id\":\"https:\/\/eveil-prod.com\/#website\",\"url\":\"https:\/\/eveil-prod.com\/\",\"name\":\"Eveil Prod\",\"description\":\"Production de spectacles et R\u00e9alisation de vid\u00e9os\",\"publisher\":{\"@id\":\"https:\/\/eveil-prod.com\/#organization\"},\"potentialAction\":[{\"@type\":\"SearchAction\",\"target\":{\"@type\":\"EntryPoint\",\"urlTemplate\":\"https:\/\/eveil-prod.com\/?s={search_term_string}\"},\"query-input\":{\"@type\":\"PropertyValueSpecification\",\"valueRequired\":true,\"valueName\":\"search_term_string\"}}],\"inLanguage\":\"en-US\"},{\"@type\":\"Organization\",\"@id\":\"https:\/\/eveil-prod.com\/#organization\",\"name\":\"Eveil Prod\",\"alternateName\":\"Eveil Prod\",\"url\":\"https:\/\/eveil-prod.com\/\",\"logo\":{\"@type\":\"ImageObject\",\"inLanguage\":\"en-US\",\"@id\":\"https:\/\/eveil-prod.com\/#\/schema\/logo\/image\/\",\"url\":\"https:\/\/eveil-prod.com\/wp-content\/uploads\/2025\/09\/logo.jpg\",\"contentUrl\":\"https:\/\/eveil-prod.com\/wp-content\/uploads\/2025\/09\/logo.jpg\",\"width\":500,\"height\":500,\"caption\":\"Eveil Prod\"},\"image\":{\"@id\":\"https:\/\/eveil-prod.com\/#\/schema\/logo\/image\/\"}}]}<\/script>\n<!-- \/ Yoast SEO plugin. -->","yoast_head_json":{"title":"MIKE and RIK\u00c9 from SINS\u00c9MILIA - All the happiness in the world...or almost! - Eveil Prod","robots":{"index":"index","follow":"follow","max-snippet":"max-snippet:-1","max-image-preview":"max-image-preview:large","max-video-preview":"max-video-preview:-1"},"canonical":"https:\/\/eveil-prod.com\/en\/produit\/mike-and-rike-from-sinsemilia-all-the-happiness-in-the-world-or-almost\/","og_locale":"en_US","og_type":"article","og_title":"MIKE and RIK\u00c9 from SINS\u00c9MILIA - All the happiness in the world...or almost! - Eveil Prod","og_description":"Music, laughter and emotion, it's Tout le bonheur du monde...ou presque! the new show by Mike and Rik\u00e9 from Sins\u00e9milia. After the success of their first show, \"Souvenirs de Saltimbanques\", MIKE and RIK\u00c9 from SINS\u00c9MILIA return to Avignon with a new version of the show, incorporating passages from their new show currently being created.","og_url":"https:\/\/eveil-prod.com\/en\/produit\/mike-and-rike-from-sinsemilia-all-the-happiness-in-the-world-or-almost\/","og_site_name":"Eveil Prod","article_modified_time":"2026-03-17T18:14:06+00:00","og_image":[{"url":"https:\/\/eveil-prod.com\/wp-content\/uploads\/2025\/09\/affiche_MR_2026_WEB.jpg","width":729,"height":1024,"type":"image\/jpeg"}],"twitter_card":"summary_large_image","twitter_misc":{"Est. reading time":"1 minute"},"schema":{"@context":"https:\/\/schema.org","@graph":[{"@type":"WebPage","@id":"https:\/\/eveil-prod.com\/en\/produit\/mike-and-rike-from-sinsemilia-all-the-happiness-in-the-world-or-almost\/","url":"https:\/\/eveil-prod.com\/en\/produit\/mike-and-rike-from-sinsemilia-all-the-happiness-in-the-world-or-almost\/","name":"MIKE and RIK\u00c9 from SINS\u00c9MILIA - All the happiness in the world...or almost! - Eveil Prod","isPartOf":{"@id":"https:\/\/eveil-prod.com\/#website"},"primaryImageOfPage":{"@id":"https:\/\/eveil-prod.com\/en\/produit\/mike-and-rike-from-sinsemilia-all-the-happiness-in-the-world-or-almost\/#primaryimage"},"image":{"@id":"https:\/\/eveil-prod.com\/en\/produit\/mike-and-rike-from-sinsemilia-all-the-happiness-in-the-world-or-almost\/#primaryimage"},"thumbnailUrl":"https:\/\/eveil-prod.com\/wp-content\/uploads\/2025\/09\/affiche_MR_2026_WEB.jpg","datePublished":"2025-09-27T08:13:07+00:00","dateModified":"2026-03-17T18:14:06+00:00","breadcrumb":{"@id":"https:\/\/eveil-prod.com\/en\/produit\/mike-and-rike-from-sinsemilia-all-the-happiness-in-the-world-or-almost\/#breadcrumb"},"inLanguage":"en-US","potentialAction":[{"@type":"ReadAction","target":["https:\/\/eveil-prod.com\/en\/produit\/mike-and-rike-from-sinsemilia-all-the-happiness-in-the-world-or-almost\/"]}]},{"@type":"ImageObject","inLanguage":"en-US","@id":"https:\/\/eveil-prod.com\/en\/produit\/mike-and-rike-from-sinsemilia-all-the-happiness-in-the-world-or-almost\/#primaryimage","url":"https:\/\/eveil-prod.com\/wp-content\/uploads\/2025\/09\/affiche_MR_2026_WEB.jpg","contentUrl":"https:\/\/eveil-prod.com\/wp-content\/uploads\/2025\/09\/affiche_MR_2026_WEB.jpg","width":5079,"height":7134},{"@type":"BreadcrumbList","@id":"https:\/\/eveil-prod.com\/en\/produit\/mike-and-rike-from-sinsemilia-all-the-happiness-in-the-world-or-almost\/#breadcrumb","itemListElement":[{"@type":"ListItem","position":1,"name":"Accueil","item":"https:\/\/eveil-prod.com\/"},{"@type":"ListItem","position":2,"name":"Shows","item":"https:\/\/eveil-prod.com\/spectacles\/"},{"@type":"ListItem","position":3,"name":"MIKE and RIK\u00c9 from SINS\u00c9MILIA &#8211; All the happiness in the world&#8230;or almost!"}]},{"@type":"WebSite","@id":"https:\/\/eveil-prod.com\/#website","url":"https:\/\/eveil-prod.com\/","name":"Eveil Prod","description":"Production de spectacles et R\u00e9alisation de vid\u00e9os","publisher":{"@id":"https:\/\/eveil-prod.com\/#organization"},"potentialAction":[{"@type":"SearchAction","target":{"@type":"EntryPoint","urlTemplate":"https:\/\/eveil-prod.com\/?s={search_term_string}"},"query-input":{"@type":"PropertyValueSpecification","valueRequired":true,"valueName":"search_term_string"}}],"inLanguage":"en-US"},{"@type":"Organization","@id":"https:\/\/eveil-prod.com\/#organization","name":"Eveil Prod","alternateName":"Eveil Prod","url":"https:\/\/eveil-prod.com\/","logo":{"@type":"ImageObject","inLanguage":"en-US","@id":"https:\/\/eveil-prod.com\/#\/schema\/logo\/image\/","url":"https:\/\/eveil-prod.com\/wp-content\/uploads\/2025\/09\/logo.jpg","contentUrl":"https:\/\/eveil-prod.com\/wp-content\/uploads\/2025\/09\/logo.jpg","width":500,"height":500,"caption":"Eveil Prod"},"image":{"@id":"https:\/\/eveil-prod.com\/#\/schema\/logo\/image\/"}}]}},"jetpack_sharing_enabled":true,"_links":{"self":[{"href":"https:\/\/eveil-prod.com\/en\/wp-json\/wp\/v2\/product\/3602","targetHints":{"allow":["GET"]}}],"collection":[{"href":"https:\/\/eveil-prod.com\/en\/wp-json\/wp\/v2\/product"}],"about":[{"href":"https:\/\/eveil-prod.com\/en\/wp-json\/wp\/v2\/types\/product"}],"author":[{"embeddable":true,"href":"https:\/\/eveil-prod.com\/en\/wp-json\/wp\/v2\/users\/2"}],"replies":[{"embeddable":true,"href":"https:\/\/eveil-prod.com\/en\/wp-json\/wp\/v2\/comments?post=3602"}],"wp:featuredmedia":[{"embeddable":true,"href":"https:\/\/eveil-prod.com\/en\/wp-json\/wp\/v2\/media\/2793"}],"wp:attachment":[{"href":"https:\/\/eveil-prod.com\/en\/wp-json\/wp\/v2\/media?parent=3602"}],"wp:term":[{"taxonomy":"product_brand","embeddable":true,"href":"https:\/\/eveil-prod.com\/en\/wp-json\/wp\/v2\/product_brand?post=3602"},{"taxonomy":"product_cat","embeddable":true,"href":"https:\/\/eveil-prod.com\/en\/wp-json\/wp\/v2\/product_cat?post=3602"},{"taxonomy":"product_tag","embeddable":true,"href":"https:\/\/eveil-prod.com\/en\/wp-json\/wp\/v2\/product_tag?post=3602"}],"curies":[{"name":"wp","href":"https:\/\/api.w.org\/{rel}","templated":true}]}}